{"id":511,"date":"2025-12-30T03:34:32","date_gmt":"2025-12-30T03:34:32","guid":{"rendered":"https:\/\/brava2.com\/politica-de-privacidad\/"},"modified":"2025-12-31T01:41:21","modified_gmt":"2025-12-31T01:41:21","slug":"politica-de-privacidad","status":"publish","type":"page","link":"https:\/\/brava2.com\/es\/politica-de-privacidad\/","title":{"rendered":"Pol\u00edtica de Privacidad"},"content":{"rendered":"<p>[et_pb_section fb_built=\u00bb1&#8243; admin_label=\u00bbSection: SysPage &#8211; Header &#8211; Minimal\u00bb _builder_version=\u00bb4.27.5&#8243; _module_preset=\u00bbdefault\u00bb background_color=\u00bb#e5e5e5&#8243; custom_margin=\u00bb0px||0px||false|false\u00bb custom_padding=\u00bb0px||0px||false|false\u00bb hover_enabled=\u00bb0&#8243; global_colors_info=\u00bb{}\u00bb sticky_enabled=\u00bb0&#8243; sticky_position=\u00bbtop\u00bb][et_pb_row column_structure=\u00bb1_2,1_2&#8243; disabled_on=\u00bboff|off|off\u00bb admin_label=\u00bbFila: Selector de idioma shortCode\u00bb _builder_version=\u00bb4.27.5&#8243; _module_preset=\u00bbdefault\u00bb background_color=\u00bbRGBA(255,255,255,0)\u00bb module_alignment=\u00bbcenter\u00bb custom_margin=\u00bb0px||0px||false|false\u00bb custom_padding=\u00bb0px||0px||false|false\u00bb collapsed=\u00bbon\u00bb global_colors_info=\u00bb{}\u00bb][et_pb_column type=\u00bb1_2&#8243; admin_label=\u00bbColumna: Logotipo\u00bb _builder_version=\u00bb4.27.5&#8243; _module_preset=\u00bbdefault\u00bb background_color=\u00bbRGBA(255,255,255,0)\u00bb custom_padding=\u00bb0px||0px||false|false\u00bb global_colors_info=\u00bb{}\u00bb][et_pb_image src=\u00bbhttps:\/\/brava2.com\/wp-content\/uploads\/2025\/12\/Brava2_Wordmark_01_FC.png\u00bb title_text=\u00bbBrava2_Logotipo_01_FC\u00bb url=\u00bbhttps:\/\/brava2.com\/es\/\u00bb show_bottom_space=\u00bboff\u00bb admin_label=\u00bbImage: logo asset\u00bb _builder_version=\u00bb4.27.5&#8243; _module_preset=\u00bbdefault\u00bb max_width=\u00bb111px\u00bb module_alignment=\u00bbleft\u00bb custom_margin=\u00bb16px||8px||false|false\u00bb custom_padding=\u00bb0px||0px||false|false\u00bb global_colors_info=\u00bb{}\u00bb][\/et_pb_image][\/et_pb_column][et_pb_column type=\u00bb1_2&#8243; admin_label=\u00bbColumna: Selector-De-Idioma\u00bb _builder_version=\u00bb4.27.5&#8243; _module_preset=\u00bbdefault\u00bb background_color=\u00bbRGBA(255,255,255,0)\u00bb custom_padding=\u00bb0px||0px||false|false\u00bb global_colors_info=\u00bb{}\u00bb][et_pb_text admin_label=\u00bbText: LangSwitcher &#8211; shortCode &#8211; SysPages\u00bb _builder_version=\u00bb4.27.5&#8243; _module_preset=\u00bbdefault\u00bb text_font=\u00bbSora||||||||\u00bb text_text_color=\u00bb#FFFFFF\u00bb text_letter_spacing=\u00bb0.08em\u00bb link_font=\u00bbSora|||on|||||\u00bb link_text_color=\u00bb#FFFFFF\u00bb link_font_size=\u00bb12px\u00bb background_color=\u00bbRGBA(255,255,255,0)\u00bb text_orientation=\u00bbright\u00bb custom_margin=\u00bb-16px||0px||false|false\u00bb custom_padding=\u00bb0px||0px||false|false\u00bb global_colors_info=\u00bb{}\u00bb link_text_color__hover=\u00bbrgba(255,255,255,0.64)\u00bb link_text_color__hover_enabled=\u00bbon|hover\u00bb]\n<div role=\"navigation\" aria-label=\"Selector de idioma\" class=\"wpml-ls-statics-shortcode_actions wpml-ls wpml-ls-legacy-list-horizontal\">\n\t<ul><li class=\"wpml-ls-slot-shortcode_actions wpml-ls-item wpml-ls-item-en wpml-ls-first-item wpml-ls-item-legacy-list-horizontal\">\n\t\t\t\t<a href=\"https:\/\/brava2.com\/\" hreflang=\"en\" lang=\"en\" class=\"wpml-ls-link\" aria-label=\"Cambiar a En\" title=\"Cambiar a En\">\n\t\t\t\t\t<span class=\"wpml-ls-display\">En<\/span><\/a>\n\t\t\t<\/li><li class=\"wpml-ls-slot-shortcode_actions wpml-ls-item wpml-ls-item-es wpml-ls-current-language wpml-ls-last-item wpml-ls-item-legacy-list-horizontal\">\n\t\t\t\t<a href=\"https:\/\/brava2.com\/es\/\" hreflang=\"es\" lang=\"es\" class=\"wpml-ls-link\" aria-current=\"page\" aria-label=\"Cambiar a Es\" title=\"Cambiar a Es\">\n\t\t\t\t\t<span class=\"wpml-ls-native\">Es<\/span><\/a>\n\t\t\t<\/li><\/ul>\n<\/div>\n[\/et_pb_text][et_pb_code admin_label=\u00bbC\u00f3digo: CSS a trav\u00e9s de HTML\u00bb _builder_version=\u00bb4.27.5&#8243; _module_preset=\u00bbdefault\u00bb custom_margin=\u00bb0px||0px||false|false\u00bb custom_padding=\u00bb0px||0px||false|false\u00bb global_colors_info=\u00bb{}\u00bb]<\/p>\n<style><!-- [et_pb_line_break_holder] -->    \/** A. Parent Container Basic UI style overrides **\/<!-- [et_pb_line_break_holder] -->        div.wpml-ls-statics-shortcode_actions.wpml-ls.wpml-ls-legacy-list-horizontal {<!-- [et_pb_line_break_holder] -->            background-color: transparent!important;<!-- [et_pb_line_break_holder] -->            border: none !important;<!-- [et_pb_line_break_holder] -->        }<!-- [et_pb_line_break_holder] --><!-- [et_pb_line_break_holder] -->        \/* 01. Immediately-behind link *\/<!-- [et_pb_line_break_holder] -->            a.wpml-ls-link {<!-- [et_pb_line_break_holder] -->                background-color: transparent !important;<!-- [et_pb_line_break_holder] -->            }<!-- [et_pb_line_break_holder] -->    \/** --- **\/<!-- [et_pb_line_break_holder] -->  <!-- [et_pb_line_break_holder] --><!-- [et_pb_line_break_holder] -->    \/** B. Insert separator after first item (pipe) **\/<!-- [et_pb_line_break_holder] -->        \/* 01. - add horz spacing around separator *\/<!-- [et_pb_line_break_holder] -->            .wpml-ls li a::after { <!-- [et_pb_line_break_holder] -->                margin: 0 12px; <!-- [et_pb_line_break_holder] -->            }<!-- [et_pb_line_break_holder] -->            .wpml-ls li + li { <!-- [et_pb_line_break_holder] -->                margin-left: 0 12px !important; <!-- [et_pb_line_break_holder] -->            } \/* forces ES snug *\/<!-- [et_pb_line_break_holder] -->    <!-- [et_pb_line_break_holder] -->    \/* C. Fix link padding + spacing *\/<!-- [et_pb_line_break_holder] -->        .wpml-ls-legacy-list-horizontal a.wpml-ls-link {<!-- [et_pb_line_break_holder] -->            padding: 0 !important;<!-- [et_pb_line_break_holder] -->            margin: 0 !important;<!-- [et_pb_line_break_holder] -->        }<!-- [et_pb_line_break_holder] -->    \/* --- *\/<!-- [et_pb_line_break_holder] -->  <!-- [et_pb_line_break_holder] -->  <!-- [et_pb_line_break_holder] -->  \t\/** C. Global-Style Overrides **\/<!-- [et_pb_line_break_holder] -->  \/* =======================================================<!-- [et_pb_line_break_holder] -->   Brava2 \u2014 WPML Language Switcher UIX (SysPages - Header)<!-- [et_pb_line_break_holder] -->   ------------------------------------------------------<!-- [et_pb_line_break_holder] -->   At (current):  #0e0c19 @100%<!-- [et_pb_line_break_holder] -->   Inactive:      #414437 @70%<!-- [et_pb_line_break_holder] -->   Hover \/ Tap:   #e54027 @100%<!-- [et_pb_line_break_holder] -->   Pipe:          #414437 @60% (static)<!-- [et_pb_line_break_holder] -->======================================================= *\/<!-- [et_pb_line_break_holder] --><!-- [et_pb_line_break_holder] -->\/* Base link styling *\/<!-- [et_pb_line_break_holder] -->.wpml-ls-legacy-list-horizontal a.wpml-ls-link {<!-- [et_pb_line_break_holder] -->  background: transparent !important;<!-- [et_pb_line_break_holder] -->  text-decoration: none !important;<!-- [et_pb_line_break_holder] -->  transition: color 140ms ease-in-out;<!-- [et_pb_line_break_holder] -->}<!-- [et_pb_line_break_holder] --><!-- [et_pb_line_break_holder] -->\/* Inactive language (default) *\/<!-- [et_pb_line_break_holder] -->.wpml-ls-legacy-list-horizontal<!-- [et_pb_line_break_holder] -->li:not(.wpml-ls-current-language) a.wpml-ls-link {<!-- [et_pb_line_break_holder] -->  color: rgba(65, 68, 55, 0.7\t) !important;<!-- [et_pb_line_break_holder] -->}<!-- [et_pb_line_break_holder] --><!-- [et_pb_line_break_holder] -->\/* Current language \u2014 \u201cAt\u201d state *\/<!-- [et_pb_line_break_holder] -->.wpml-ls-legacy-list-horizontal<!-- [et_pb_line_break_holder] -->li.wpml-ls-current-language a.wpml-ls-link {<!-- [et_pb_line_break_holder] -->  color: #0e0c19 !important;<!-- [et_pb_line_break_holder] -->  cursor: default !important;<!-- [et_pb_line_break_holder] -->}<!-- [et_pb_line_break_holder] --><!-- [et_pb_line_break_holder] -->\/* Hover \/ Tap \u2014 inactive only *\/<!-- [et_pb_line_break_holder] -->.wpml-ls-legacy-list-horizontal<!-- [et_pb_line_break_holder] -->li:not(.wpml-ls-current-language) a.wpml-ls-link:hover,<!-- [et_pb_line_break_holder] -->.wpml-ls-legacy-list-horizontal<!-- [et_pb_line_break_holder] -->li:not(.wpml-ls-current-language) a.wpml-ls-link:focus,<!-- [et_pb_line_break_holder] -->.wpml-ls-legacy-list-horizontal<!-- [et_pb_line_break_holder] -->li:not(.wpml-ls-current-language) a.wpml-ls-link:active {<!-- [et_pb_line_break_holder] -->  color: #e54027 !important;<!-- [et_pb_line_break_holder] -->  outline: none !important;<!-- [et_pb_line_break_holder] -->}<!-- [et_pb_line_break_holder] --><!-- [et_pb_line_break_holder] -->\/* Pipe separator \u2014 static, subtle, non-interactive *\/<!-- [et_pb_line_break_holder] -->.wpml-ls-legacy-list-horizontal li:not(:last-child) a::after {<!-- [et_pb_line_break_holder] -->  content: \" | \";<!-- [et_pb_line_break_holder] -->  margin: 0 px;<!-- [et_pb_line_break_holder] -->  color: rgba(65, 68, 55, 0.6);<!-- [et_pb_line_break_holder] -->  font-weight: 900;<!-- [et_pb_line_break_holder] -->  pointer-events: none;<!-- [et_pb_line_break_holder] -->}<!-- [et_pb_line_break_holder] -->  \/** C. --- **\/<!-- [et_pb_line_break_holder] --><\/style>\n<p>[\/et_pb_code][\/et_pb_column][\/et_pb_row][\/et_pb_section][et_pb_section fb_built=\u00bb1&#8243; admin_label=\u00bbSection_01_PP-Conent-Layout_v01-00&#8243; _builder_version=\u00bb4.27.5&#8243; _module_preset=\u00bbdefault\u00bb global_colors_info=\u00bb{}\u00bb][et_pb_row admin_label=\u00bbFila_PP_Copiar-contenido\u00bb _builder_version=\u00bb4.27.5&#8243; _module_preset=\u00bbdefault\u00bb max_width=\u00bb900px\u00bb global_colors_info=\u00bb{}\u00bb][et_pb_column type=\u00bb4_4&#8243; admin_label=\u00bbCol_01_M\u00f3dulo-de-texto\u00bb _builder_version=\u00bb4.27.5&#8243; _module_preset=\u00bbdefault\u00bb custom_padding=\u00bb||0px||false|false\u00bb global_colors_info=\u00bb{}\u00bb][et_pb_text admin_label=\u00bbCopy text and Styles\u00bb _builder_version=\u00bb4.27.5&#8243; _module_preset=\u00bbdefault\u00bb text_font=\u00bbSora|300|||||||\u00bb text_text_color=\u00bb#414437&#8243; text_line_height=\u00bb1.44em\u00bb link_font=\u00bbSora|500|||||||\u00bb link_text_color=\u00bb#e54027&#8243; header_2_font=\u00bbDM Serif Text||||||||\u00bb header_2_text_color=\u00bb#0e0c19&#8243; module_alignment=\u00bbcenter\u00bb custom_margin=\u00bb||0px||false|false\u00bb custom_padding=\u00bb||0px||false|false\u00bb hover_enabled=\u00bb0&#8243; global_colors_info=\u00bb{}\u00bb link_text_color__hover_enabled=\u00bbon|desktop\u00bb link_text_color__hover=\u00bb#0e0c19&#8243; module_id=\u00bbpolicy-text\u00bb sticky_enabled=\u00bb0&#8243;]<\/p>\n<p><strong>\u00daltima actualizaci\u00f3n: diciembre de 2025<\/strong><\/p>\n<p><\/p>\n<p>Brava2 (\u201cnosotros\u201d, \u201cnuestro\u201d o \u201cnos\u201d) respeta tu privacidad y est\u00e1 comprometida con su protecci\u00f3n. Esta Pol\u00edtica de Privacidad explica c\u00f3mo recopilamos, utilizamos y protegemos la informaci\u00f3n cuando visitas brava2.com o te comunicas con nosotros a trav\u00e9s de nuestro sitio.<\/p>\n<p><\/p>\n<p>&nbsp;<\/p>\n<p><\/p>\n<h2 class=\"wp-block-heading\">Informaci\u00f3n que recopilamos<\/h2>\n<p><\/p>\n<p>Recopilamos \u00fanicamente la informaci\u00f3n que nos proporcionas de forma voluntaria.<\/p>\n<p><\/p>\n<p><strong>Esto puede incluir:<\/strong><\/p>\n<p><\/p>\n<ul>\n<li>Tu nombre<\/li>\n<li>Tu direcci\u00f3n de correo electr\u00f3nico<\/li>\n<li>Cualquier informaci\u00f3n que elijas incluir en un mensaje de correo electr\u00f3nico que nos env\u00edes<\/li>\n<\/ul>\n<p><\/p>\n<p>&nbsp;<\/p>\n<p><\/p>\n<p><strong>No recopilamos:<\/strong><\/p>\n<p><\/p>\n<ul>\n<li>Informaci\u00f3n de pago<\/li>\n<li>Credenciales de cuentas<\/li>\n<li>Datos personales sensibles<\/li>\n<li>Datos de seguimiento recopilados autom\u00e1ticamente<\/li>\n<\/ul>\n<p><\/p>\n<p>&nbsp;<\/p>\n<h2 class=\"wp-block-heading\">C\u00f3mo utilizamos la informaci\u00f3n<\/h2>\n<p><\/p>\n<p><strong>Utilizamos la informaci\u00f3n que proporcionas \u00fanicamente para:<\/strong><\/p>\n<p><\/p>\n<ul>\n<li>Responder a consultas y comunicaciones<\/li>\n<li>Evaluar posibles colaboraciones o proyectos<\/li>\n<li>Cumplir con obligaciones legales o administrativas cuando corresponda<\/li>\n<\/ul>\n<p><\/p>\n<p>No vendemos, alquilamos ni compartimos tu informaci\u00f3n con terceros.<\/p>\n<p><\/p>\n<p>&nbsp;<\/p>\n<h2 class=\"wp-block-heading\">Conservaci\u00f3n de datos<\/h2>\n<p><\/p>\n<p><strong>Conservamos las comunicaciones solo durante el tiempo razonablemente necesario para:<\/strong><\/p>\n<p><\/p>\n<ul>\n<li>Mantener registros comerciales<\/li>\n<li>Cumplir con requisitos legales u operativos<\/li>\n<\/ul>\n<p><\/p>\n<p>Puedes solicitar la eliminaci\u00f3n de tu informaci\u00f3n en cualquier momento.<\/p>\n<p><\/p>\n<p>&nbsp;<\/p>\n<h2 class=\"wp-block-heading\">Cookies y tecnolog\u00edas de seguimiento<\/h2>\n<p><\/p>\n<p>Brava2 no utiliza cookies, herramientas de an\u00e1lisis, p\u00edxeles publicitarios ni tecnolog\u00edas de seguimiento automatizadas en este sitio en este momento.<\/p>\n<p><\/p>\n<p>Si esto cambia en el futuro, esta Pol\u00edtica de Privacidad se actualizar\u00e1 en consecuencia.<\/p>\n<p><\/p>\n<p>&nbsp;<\/p>\n<p><\/p>\n<h2 class=\"wp-block-heading\">Enlaces de terceros<\/h2>\n<p><\/p>\n<p>Nuestro sitio puede contener enlaces que inicien comunicaciones por correo electr\u00f3nico o te dirijan a servicios externos. No somos responsables de las pr\u00e1cticas de privacidad de sitios web o servicios de terceros.<\/p>\n<p><\/p>\n<p>&nbsp;<\/p>\n<p><\/p>\n<h2 class=\"wp-block-heading\">Seguridad de los datos<\/h2>\n<p><\/p>\n<p>Tomamos medidas razonables para proteger la informaci\u00f3n que compartes con nosotros. Sin embargo, ning\u00fan m\u00e9todo de transmisi\u00f3n a trav\u00e9s de internet es completamente seguro. Al contactarnos, reconoces y aceptas este riesgo.<\/p>\n<p><\/p>\n<p>&nbsp;<\/p>\n<p><\/p>\n<h2 class=\"wp-block-heading\">Tus derechos<\/h2>\n<p><\/p>\n<p><strong>Puedes: <\/strong><\/p>\n<p><\/p>\n<ul>\n<li>Solicitar acceso a la informaci\u00f3n que has compartido con nosotros<\/li>\n<li>Solicitar la correcci\u00f3n o eliminaci\u00f3n de tu informaci\u00f3n<\/li>\n<\/ul>\n<p><\/p>\n<p>Para ejercer estos derechos, cont\u00e1ctanos utilizando la informaci\u00f3n que se indica a continuaci\u00f3n.<\/p>\n<p><\/p>\n<p>&nbsp;<\/p>\n<p><\/p>\n<h2 class=\"wp-block-heading\">Contacto<\/h2>\n<p><\/p>\n<p>Si tienes preguntas sobre esta Pol\u00edtica de Privacidad o sobre c\u00f3mo se maneja tu informaci\u00f3n, puedes escribirnos a: <br \/><a href=\"mailto:privacidad@brava2.com\">privacidad@brava2.com<\/a><\/p>\n<p><\/p>\n<p>&nbsp;<\/p>\n<p><\/p>\n<h2 class=\"wp-block-heading\">Aviso legal<\/h2>\n<p><\/p>\n<p>Brava2\u2122 es una marca registrada de <strong>Magic Staircase, LLC.<\/strong> Todos los derechos reservados.<\/p>\n<p><\/p>\n<p>&nbsp;<\/p>\n<p><\/p>\n<p>&nbsp;<\/p>\n<p>[\/et_pb_text][et_pb_button button_url=\u00bbhttps:\/\/brava2.com\/es\/\u00bb button_text=\u00bbVolver a Brava2&#8243; admin_label=\u00bbBttn: Return to Brava2&#8243; _builder_version=\u00bb4.27.5&#8243; _module_preset=\u00bbdefault\u00bb custom_button=\u00bbon\u00bb button_text_size=\u00bb12px\u00bb button_text_color=\u00bb#FFFFFF\u00bb button_bg_color=\u00bb#e54027&#8243; button_border_width=\u00bb0px\u00bb button_border_radius=\u00bb100px\u00bb button_letter_spacing=\u00bb0px\u00bb button_font=\u00bbSora|600|||||||\u00bb button_use_icon=\u00bboff\u00bb custom_padding=\u00bb6px|40px|6px|40px|true|true\u00bb hover_enabled=\u00bb0&#8243; global_colors_info=\u00bb{}\u00bb button_text_color__hover_enabled=\u00bboff|desktop\u00bb button_bg_color__hover_enabled=\u00bbon|desktop\u00bb button_bg_color__hover=\u00bb#0e0c19&#8243; button_bg_enable_color__hover=\u00bbon\u00bb sticky_enabled=\u00bb0&#8243;][\/et_pb_button][\/et_pb_column][\/et_pb_row][\/et_pb_section][et_pb_section fb_built=\u00bb1&#8243; admin_label=\u00bbGallery: Static 5up\u00bb _builder_version=\u00bb4.27.5&#8243; _module_preset=\u00bbdefault\u00bb background_color=\u00bb#FFFFFF\u00bb min_height=\u00bb40px\u00bb max_height=\u00bb40px\u00bb custom_margin=\u00bb0em||||false|false\u00bb custom_padding=\u00bb||0em||false|false\u00bb bottom_divider_style=\u00bbslant\u00bb bottom_divider_color=\u00bb#1d232f\u00bb bottom_divider_flip=\u00bbhorizontal\u00bb locked=\u00bboff\u00bb collapsed=\u00bbon\u00bb global_colors_info=\u00bb{}\u00bb][\/et_pb_section][et_pb_section fb_built=\u00bb1&#8243; admin_label=\u00bbCTA: Venture Beyond\u00bb _builder_version=\u00bb4.27.5&#8243; _module_preset=\u00bbdefault\u00bb background_color=\u00bb#232833&#8243; background_image=\u00bbhttps:\/\/brava2.com\/wp-content\/uploads\/2025\/12\/BGI_preFooter_.jpg\u00bb custom_padding=\u00bb||||true|false\u00bb locked=\u00bboff\u00bb collapsed=\u00bbon\u00bb global_colors_info=\u00bb{%22gcid-36fd78a7-34bc-404d-873c-dafa34efaae5%22:%91%22button_text_color%22%93}\u00bb][et_pb_row admin_label=\u00bbFila &#8211; Contenido principal de la llamada a la acci\u00f3n\u00bb _builder_version=\u00bb4.27.5&#8243; _module_preset=\u00bb5138c454-be54-4233-bd3b-f8e6a8747976&#8243; background_color=\u00bbRGBA(255,255,255,0)\u00bb width=\u00bb70%\u00bb width_tablet=\u00bb100%\u00bb width_phone=\u00bb100%\u00bb width_last_edited=\u00bbon|phone\u00bb max_width=\u00bbnone\u00bb custom_margin=\u00bb2em||||false|false\u00bb module_alignment_tablet=\u00bbcenter\u00bb module_alignment_phone=\u00bbcenter\u00bb module_alignment_last_edited=\u00bbon|desktop\u00bb global_colors_info=\u00bb{}\u00bb][et_pb_column type=\u00bb4_4&#8243; _builder_version=\u00bb4.17.6&#8243; _module_preset=\u00bb73121f80-a3ef-4484-8763-c3f18e3c56d2&#8243; global_colors_info=\u00bb{}\u00bb][et_pb_heading title=\u00bbAtr\u00e9vete a Ir M\u00e1s All\u00e1 de lo Ordinario\u00bb _builder_version=\u00bb4.27.5&#8243; _module_preset=\u00bbddeb8c09-9078-4424-bc15-2efb6572e28e\u00bb title_font=\u00bbDM Serif Text|Abril Fatface_weight|||||||\u00bb title_text_align=\u00bbcenter\u00bb title_text_color=\u00bb#FFFFFF\u00bb title_font_size=\u00bb64px\u00bb title_line_height=\u00bb1.15em\u00bb title_font_size_tablet=\u00bb40px\u00bb title_font_size_phone=\u00bb32px\u00bb title_font_size_last_edited=\u00bbon|desktop\u00bb global_colors_info=\u00bb{}\u00bb][\/et_pb_heading][et_pb_button button_url=\u00bbmailto:signal@brava2.com?subject=Here&#039;s%20My%20Signal%20&#8243; button_text=\u00bbSe\u00f1ala tu Inter\u00e9s\u00bb button_alignment=\u00bbcenter\u00bb _builder_version=\u00bb4.27.5&#8243; _module_preset=\u00bbab15fb74-61a3-43aa-96b3-41e09aeef654&#8243; custom_button=\u00bbon\u00bb button_text_size=\u00bb12px\u00bb button_text_color=\u00bb#14213d\u00bb button_bg_color=\u00bb#FFFFFF\u00bb button_border_width=\u00bb2px\u00bb button_border_color=\u00bb#ffffff\u00bb button_border_radius=\u00bb100px\u00bb button_font=\u00bbSora|700|||||||\u00bb button_use_icon=\u00bboff\u00bb custom_padding=\u00bb6px|40px|6px|40px|true|true\u00bb locked=\u00bboff\u00bb global_colors_info=\u00bb{}\u00bb button_text_color__hover_enabled=\u00bbon|desktop\u00bb button_text_color__hover=\u00bb#ffffff\u00bb button_bg_color__hover_enabled=\u00bbon|hover\u00bb button_bg_color__hover=\u00bbRGBA(255,255,255,0)\u00bb button_bg_enable_color__hover=\u00bbon\u00bb][\/et_pb_button][\/et_pb_column][\/et_pb_row][et_pb_row column_structure=\u00bb1_4,1_2,1_4&#8243; admin_label=\u00bbFila &#8211; Bot\u00f3n de logotipo\u00bb _builder_version=\u00bb4.27.5&#8243; _module_preset=\u00bbdefault\u00bb width=\u00bb100%\u00bb max_width=\u00bb100%\u00bb module_alignment=\u00bbcenter\u00bb custom_margin=\u00bb7em||0px||false|false\u00bb custom_padding=\u00bb0px||0px||false|false\u00bb module_alignment_tablet=\u00bbcenter\u00bb module_alignment_phone=\u00bbcenter\u00bb module_alignment_last_edited=\u00bbon|desktop\u00bb global_colors_info=\u00bb{}\u00bb][et_pb_column type=\u00bb1_4&#8243; admin_label=\u00bbColumn &#8211; brava2 logicon\u00bb _builder_version=\u00bb4.27.5&#8243; _module_preset=\u00bbdefault\u00bb custom_padding=\u00bb0px||0px||false|false\u00bb global_colors_info=\u00bb{}\u00bb][\/et_pb_column][et_pb_column type=\u00bb1_2&#8243; admin_label=\u00bbColumn &#8211; brava2 logicon\u00bb _builder_version=\u00bb4.27.5&#8243; _module_preset=\u00bbdefault\u00bb custom_padding=\u00bb0px||0px||false|false\u00bb global_colors_info=\u00bb{}\u00bb][et_pb_text admin_label=\u00bbText &#8211; Copyright &#8211; Legal\u00bb _builder_version=\u00bb4.27.5&#8243; _dynamic_attributes=\u00bbcontent\u00bb _module_preset=\u00bbdefault\u00bb text_font=\u00bbSora||||||||\u00bb text_text_color=\u00bb#c1c1c1&#8243; text_font_size=\u00bb12px\u00bb text_orientation=\u00bbcenter\u00bb hover_enabled=\u00bb0&#8243; global_colors_info=\u00bb{}\u00bb sticky_enabled=\u00bb0&#8243; link_font=\u00bbSora|600|||||||\u00bb link_text_color=\u00bb#ffffff\u00bb link_text_color__hover_enabled=\u00bbon|hover\u00bb link_text_color__hover=\u00bb#e54027&#8243;]@ET-DC@eyJkeW5hbWljIjp0cnVlLCJjb250ZW50IjoiY3VycmVudF9kYXRlIiwic2V0dGluZ3MiOnsiYmVmb3JlIjoiXHUwMGE5ICIsImFmdGVyIjoiIE1hZ2ljIFN0YWlyY2FzZSwgTExDLiBUb2RvcyBsb3MgZGVyZWNob3MgcmVzZXJ2YWRvcy4gQnJhdmEyXHUyMTIyIGVzIHVuYSBtYXJjYSByZWdpc3RyYWRhIGRlIE1hZ2ljIFN0YWlyY2FzZSwgTExDLiBcdTIwMjIgPGEgaHJlZj1cImh0dHBzOlwvXC9icmF2YTIuY29tXC9lc1wvcG9saXRpY2EtZGUtcHJpdmFjaWRhZFwvI3BvbGljeS10ZXh0XCI+UHJpdmFjeSBQb2xpY3k8XC9hPiIsImRhdGVfZm9ybWF0IjoiY3VzdG9tIiwiY3VzdG9tX2RhdGVfZm9ybWF0IjoiWSJ9fQ==@[\/et_pb_text][\/et_pb_column][et_pb_column type=\u00bb1_4&#8243; admin_label=\u00bbColumn &#8211; brava2 logicon\u00bb _builder_version=\u00bb4.27.5&#8243; _module_preset=\u00bbdefault\u00bb custom_padding=\u00bb0px||0px||false|false\u00bb global_colors_info=\u00bb{}\u00bb][et_pb_image src=\u00bbhttps:\/\/brava2.com\/wp-content\/uploads\/2025\/12\/Brava2_Wordmark_01_FC.png\u00bb title_text=\u00bbBrava2_Wordmark_03_KO\u00bb url=\u00bbhttp:\/\/brava2.com\/es\/\u00bb show_bottom_space=\u00bboff\u00bb align=\u00bbright\u00bb align_tablet=\u00bbcenter\u00bb align_phone=\u00bb\u00bb align_last_edited=\u00bbon|phone\u00bb admin_label=\u00bbImage &#8211; logicon\u00bb _builder_version=\u00bb4.27.5&#8243; _module_preset=\u00bbdefault\u00bb max_width=\u00bb100px\u00bb module_alignment=\u00bbright\u00bb custom_margin=\u00bb0px|24px|||false|false\u00bb custom_padding=\u00bb0px|24px|24px||false|false\u00bb custom_padding_tablet=\u00bb|0px|||false|false\u00bb custom_padding_phone=\u00bb0px|0px|24px||false|false\u00bb custom_padding_last_edited=\u00bbon|desktop\u00bb module_alignment_tablet=\u00bbcenter\u00bb module_alignment_phone=\u00bbcenter\u00bb module_alignment_last_edited=\u00bbon|tablet\u00bb global_colors_info=\u00bb{}\u00bb src__hover_enabled=\u00bboff|desktop\u00bb src__hover=\u00bbhttps:\/\/brava2.com\/wp-content\/uploads\/2025\/12\/Brava2_Wordmark_03_KO.png\u00bb][\/et_pb_image][\/et_pb_column][\/et_pb_row][\/et_pb_section]<\/p>\n","protected":false},"excerpt":{"rendered":"<p>\n<div role=\"navigation\" aria-label=\"Selector de idioma\" class=\"wpml-ls-statics-shortcode_actions wpml-ls wpml-ls-legacy-list-horizontal\">\n\t<ul><li class=\"wpml-ls-slot-shortcode_actions wpml-ls-item wpml-ls-item-en wpml-ls-first-item wpml-ls-item-legacy-list-horizontal\">\n\t\t\t\t<a href=\"https:\/\/brava2.com\/\" hreflang=\"en\" lang=\"en\" class=\"wpml-ls-link\" aria-label=\"Cambiar a En\" title=\"Cambiar a En\">\n\t\t\t\t\t<span class=\"wpml-ls-display\">En<\/span><\/a>\n\t\t\t<\/li><li class=\"wpml-ls-slot-shortcode_actions wpml-ls-item wpml-ls-item-es wpml-ls-current-language wpml-ls-last-item wpml-ls-item-legacy-list-horizontal\">\n\t\t\t\t<a href=\"https:\/\/brava2.com\/es\/\" hreflang=\"es\" lang=\"es\" class=\"wpml-ls-link\" aria-current=\"page\" aria-label=\"Cambiar a Es\" title=\"Cambiar a Es\">\n\t\t\t\t\t<span class=\"wpml-ls-native\">Es<\/span><\/a>\n\t\t\t<\/li><\/ul>\n<\/div>\n\u00daltima actualizaci\u00f3n: diciembre de 2025Brava2 (\u201cnosotros\u201d, \u201cnuestro\u201d o \u201cnos\u201d) respeta tu privacidad y est\u00e1 comprometida con su protecci\u00f3n. Esta Pol\u00edtica de Privacidad explica c\u00f3mo recopilamos, utilizamos y protegemos la informaci\u00f3n cuando visitas brava2.com o te comunicas con nosotros a trav\u00e9s de nuestro sitio.&nbsp;Informaci\u00f3n que recopilamosRecopilamos \u00fanicamente la informaci\u00f3n que nos proporcionas de forma voluntaria.Esto puede [&hellip;]<\/p>\n","protected":false},"author":1,"featured_media":0,"parent":0,"menu_order":0,"comment_status":"closed","ping_status":"closed","template":"page-template-blank.php","meta":{"_et_pb_use_builder":"on","_et_pb_old_content":"","_et_gb_content_width":"","footnotes":""},"class_list":["post-511","page","type-page","status-publish","hentry"],"_links":{"self":[{"href":"https:\/\/brava2.com\/es\/wp-json\/wp\/v2\/pages\/511","targetHints":{"allow":["GET"]}}],"collection":[{"href":"https:\/\/brava2.com\/es\/wp-json\/wp\/v2\/pages"}],"about":[{"href":"https:\/\/brava2.com\/es\/wp-json\/wp\/v2\/types\/page"}],"author":[{"embeddable":true,"href":"https:\/\/brava2.com\/es\/wp-json\/wp\/v2\/users\/1"}],"replies":[{"embeddable":true,"href":"https:\/\/brava2.com\/es\/wp-json\/wp\/v2\/comments?post=511"}],"version-history":[{"count":0,"href":"https:\/\/brava2.com\/es\/wp-json\/wp\/v2\/pages\/511\/revisions"}],"wp:attachment":[{"href":"https:\/\/brava2.com\/es\/wp-json\/wp\/v2\/media?parent=511"}],"curies":[{"name":"wp","href":"https:\/\/api.w.org\/{rel}","templated":true}]}}